{"id":375,"date":"2025-02-10T18:19:05","date_gmt":"2025-02-10T18:19:05","guid":{"rendered":"http:\/\/www.sagknorren.se\/?page_id=202"},"modified":"2025-02-12T17:23:24","modified_gmt":"2025-02-12T17:23:24","slug":"hitta-hit","status":"publish","type":"page","link":"https:\/\/skavboke.hemsida.eu\/stallet\/?page_id=375&lang=sv","title":{"rendered":"Hitta Hit"},"content":{"rendered":"<div class=\"wp-block-image\">\n<figure class=\"alignleft is-resized\"><img loading=\"lazy\" decoding=\"async\" width=\"300\" height=\"169\" src=\"http:\/\/www.sagknorren.se\/wp-content\/uploads\/2017\/10\/WP_20170817_16_27_49_Pro-300x169.jpg\" alt=\"\" class=\"wp-image-638\" style=\"width:394px;height:auto\"\/><\/figure>\n<\/div>\n\n\n<p><br><br><\/p>\n\n\n\n<p><b><u>GPS Koordinater:<\/u><\/b><br>Lat: N56<sup>o<\/sup>51\u201923\u201d Long: E13<sup>o<\/sup>17\u20198\u201d (WGS84)<br>X: 6306142 Y: 1346316 (RT90)<\/p>\n\n\n\n<p><br><br><\/p>\n\n\n\n<p><b>Fr\u00e5n Halmstad:<\/b> K\u00f6r riksv\u00e4g 25 mot Siml\u00e5ngsdalen, i Siml\u00e5ngsdalen sv\u00e4ng v\u00e4nster och f\u00f6lj skyltar mot Femsj\u00f6, strax efter att du passerat Kullhult sv\u00e4ng v\u00e4nster vid skylt \u201dPensionat\u201d och du \u00e4r framme.<\/p>\n\n\n\n<p><b>Fr\u00e5n Hyltebruk:<\/b> F\u00f6lj skyltar mot Femsj\u00f6, k\u00f6r f\u00f6rbi Femsj\u00f6, sv\u00e4ng h\u00f6ger och f\u00f6lj skylt mot Bygget, sv\u00e4ng h\u00f6ger vid skylt \u201dPensionat\u201d och du \u00e4r framme.<\/p>\n\n\n\n<p><b>Fr\u00e5n V\u00e4xj\u00f6 riksv\u00e4g 25 via Lidhult:<\/b> Vid rastplats Boasj\u00f6n sv\u00e4ng H\u00f6ger mot Lidhult. K\u00f6r ca: 10km. I Lidhult sv\u00e4ng v\u00e4nster in p\u00e5 Singeshultsv\u00e4gen mot Halmstad och k\u00f6r ca: 1 km. Ta sedan av h\u00f6ger mot Mahult och k\u00f6r ca: 3,3 km. Vid B\u00f6k\u00f6 sv\u00e4ng h\u00f6ger mot H\u00e5knab\u00f6ke och f\u00f6lj v\u00e4gen ca: 7 km. I H\u00e5knab\u00f6ke sv\u00e4nger du sedan v\u00e4nster och k\u00f6r ca: 1,6 km tag d\u00e4refter av till h\u00f6ger vid skylt Pensionat och du \u00e4r sedan framme.<\/p>\n\n\n<div class=\"wp-block-image\">\n<figure class=\"alignleft\"><img decoding=\"async\" src=\"http:\/\/www.sagknorren.se\/wp-content\/uploads\/2017\/04\/Karta_zoom1.jpg\" alt=\"\" class=\"wp-image-204\"\/><\/figure>\n<\/div>\n\n<div class=\"wp-block-image\">\n<figure class=\"alignleft\"><img decoding=\"async\" src=\"http:\/\/www.sagknorren.se\/wp-content\/uploads\/2017\/04\/a_karta_sv.gif\" alt=\"\" class=\"wp-image-203\"\/><\/figure>\n<\/div>\n\n<div class=\"wp-block-image\">\n<figure class=\"alignleft\"><img decoding=\"async\" src=\"http:\/\/www.sagknorren.se\/wp-content\/uploads\/2017\/04\/Karta_zoom4.jpg\" alt=\"\" class=\"wp-image-205\"\/><\/figure>\n<\/div>","protected":false},"excerpt":{"rendered":"<p>GPS Koordinater:Lat: N56o51\u201923\u201d Long: E13o17\u20198\u201d (WGS84)X: 6306142 Y: 1346316 (RT90) Fr\u00e5n Halmstad: K\u00f6r riksv\u00e4g 25 mot Siml\u00e5ngsdalen, i Siml\u00e5ngsdalen sv\u00e4ng v\u00e4nster och f\u00f6lj skyltar mot Femsj\u00f6, strax efter att du passerat Kullhult sv\u00e4ng v\u00e4nster vid skylt \u201dPensionat\u201d och du \u00e4r framme. Fr\u00e5n Hyltebruk: F\u00f6lj skyltar mot Femsj\u00f6, k\u00f6r f\u00f6rbi Femsj\u00f6, sv\u00e4ng h\u00f6ger och f\u00f6lj skylt&hellip; <a class=\"more-link\" href=\"https:\/\/skavboke.hemsida.eu\/stallet\/?page_id=375&#038;lang=sv\">Forts\u00e4tt l\u00e4sa Hitta Hit<\/a><\/p>\n","protected":false},"author":2,"featured_media":0,"parent":0,"menu_order":0,"comment_status":"closed","ping_status":"closed","template":"","meta":{"footnotes":""},"class_list":["post-375","page","type-page","status-publish","hentry"],"yoast_head":"<!-- This site is optimized with the Yoast SEO plugin v27.2 - https:\/\/yoast.com\/product\/yoast-seo-wordpress\/ -->\n<title>Hitta Hit - Test S\u00e5gknorren<\/title>\n<meta name=\"robots\" content=\"noindex, follow, max-snippet:-1, max-image-preview:large, max-video-preview:-1\" \/>\n<meta property=\"og:locale\" content=\"sv_SE\" \/>\n<meta property=\"og:type\" content=\"article\" \/>\n<meta property=\"og:title\" content=\"Hitta Hit - Test S\u00e5gknorren\" \/>\n<meta property=\"og:description\" content=\"GPS Koordinater:Lat: N56o51\u201923\u201d Long: E13o17\u20198\u201d (WGS84)X: 6306142 Y: 1346316 (RT90) Fr\u00e5n Halmstad: K\u00f6r riksv\u00e4g 25 mot Siml\u00e5ngsdalen, i Siml\u00e5ngsdalen sv\u00e4ng v\u00e4nster och f\u00f6lj skyltar mot Femsj\u00f6, strax efter att du passerat Kullhult sv\u00e4ng v\u00e4nster vid skylt \u201dPensionat\u201d och du \u00e4r framme. Fr\u00e5n Hyltebruk: F\u00f6lj skyltar mot Femsj\u00f6, k\u00f6r f\u00f6rbi Femsj\u00f6, sv\u00e4ng h\u00f6ger och f\u00f6lj skylt&hellip; Forts\u00e4tt l\u00e4sa Hitta Hit\" \/>\n<meta property=\"og:url\" content=\"https:\/\/skavboke.hemsida.eu\/stallet\/?page_id=375&amp;lang=sv\" \/>\n<meta property=\"og:site_name\" content=\"Test S\u00e5gknorren\" \/>\n<meta property=\"article:modified_time\" content=\"2025-02-12T17:23:24+00:00\" \/>\n<meta property=\"og:image\" content=\"http:\/\/www.sagknorren.se\/wp-content\/uploads\/2017\/10\/WP_20170817_16_27_49_Pro-300x169.jpg\" \/>\n<meta name=\"twitter:card\" content=\"summary_large_image\" \/>\n<meta name=\"twitter:label1\" content=\"Ber\u00e4knad l\u00e4stid\" \/>\n\t<meta name=\"twitter:data1\" content=\"2 minuter\" \/>\n<script type=\"application\/ld+json\" class=\"yoast-schema-graph\">{\"@context\":\"https:\/\/schema.org\",\"@graph\":[{\"@type\":\"WebPage\",\"@id\":\"https:\/\/skavboke.hemsida.eu\/stallet\/?page_id=375&lang=sv\",\"url\":\"https:\/\/skavboke.hemsida.eu\/stallet\/?page_id=375&lang=sv\",\"name\":\"Hitta Hit - Test S\u00e5gknorren\",\"isPartOf\":{\"@id\":\"https:\/\/skavboke.hemsida.eu\/stallet\/#website\"},\"primaryImageOfPage\":{\"@id\":\"https:\/\/skavboke.hemsida.eu\/stallet\/?page_id=375&lang=sv#primaryimage\"},\"image\":{\"@id\":\"https:\/\/skavboke.hemsida.eu\/stallet\/?page_id=375&lang=sv#primaryimage\"},\"thumbnailUrl\":\"http:\/\/www.sagknorren.se\/wp-content\/uploads\/2017\/10\/WP_20170817_16_27_49_Pro-300x169.jpg\",\"datePublished\":\"2025-02-10T18:19:05+00:00\",\"dateModified\":\"2025-02-12T17:23:24+00:00\",\"breadcrumb\":{\"@id\":\"https:\/\/skavboke.hemsida.eu\/stallet\/?page_id=375&lang=sv#breadcrumb\"},\"inLanguage\":\"sv-SE\",\"potentialAction\":[{\"@type\":\"ReadAction\",\"target\":[\"https:\/\/skavboke.hemsida.eu\/stallet\/?page_id=375&lang=sv\"]}]},{\"@type\":\"ImageObject\",\"inLanguage\":\"sv-SE\",\"@id\":\"https:\/\/skavboke.hemsida.eu\/stallet\/?page_id=375&lang=sv#primaryimage\",\"url\":\"http:\/\/www.sagknorren.se\/wp-content\/uploads\/2017\/10\/WP_20170817_16_27_49_Pro-300x169.jpg\",\"contentUrl\":\"http:\/\/www.sagknorren.se\/wp-content\/uploads\/2017\/10\/WP_20170817_16_27_49_Pro-300x169.jpg\"},{\"@type\":\"BreadcrumbList\",\"@id\":\"https:\/\/skavboke.hemsida.eu\/stallet\/?page_id=375&lang=sv#breadcrumb\",\"itemListElement\":[{\"@type\":\"ListItem\",\"position\":1,\"name\":\"Hem\",\"item\":\"https:\/\/skavboke.hemsida.eu\/stallet\/?page_id=41&lang=sv\"},{\"@type\":\"ListItem\",\"position\":2,\"name\":\"Hitta Hit\"}]},{\"@type\":\"WebSite\",\"@id\":\"https:\/\/skavboke.hemsida.eu\/stallet\/#website\",\"url\":\"https:\/\/skavboke.hemsida.eu\/stallet\/\",\"name\":\"Test S\u00e5gknorren\",\"description\":\"Med Sj\u00f6n runt knuten och skogen som granne\",\"potentialAction\":[{\"@type\":\"SearchAction\",\"target\":{\"@type\":\"EntryPoint\",\"urlTemplate\":\"https:\/\/skavboke.hemsida.eu\/stallet\/?s={search_term_string}\"},\"query-input\":{\"@type\":\"PropertyValueSpecification\",\"valueRequired\":true,\"valueName\":\"search_term_string\"}}],\"inLanguage\":\"sv-SE\"}]}<\/script>\n<!-- \/ Yoast SEO plugin. -->","yoast_head_json":{"title":"Hitta Hit - Test S\u00e5gknorren","robots":{"index":"noindex","follow":"follow","max-snippet":"max-snippet:-1","max-image-preview":"max-image-preview:large","max-video-preview":"max-video-preview:-1"},"og_locale":"sv_SE","og_type":"article","og_title":"Hitta Hit - Test S\u00e5gknorren","og_description":"GPS Koordinater:Lat: N56o51\u201923\u201d Long: E13o17\u20198\u201d (WGS84)X: 6306142 Y: 1346316 (RT90) Fr\u00e5n Halmstad: K\u00f6r riksv\u00e4g 25 mot Siml\u00e5ngsdalen, i Siml\u00e5ngsdalen sv\u00e4ng v\u00e4nster och f\u00f6lj skyltar mot Femsj\u00f6, strax efter att du passerat Kullhult sv\u00e4ng v\u00e4nster vid skylt \u201dPensionat\u201d och du \u00e4r framme. Fr\u00e5n Hyltebruk: F\u00f6lj skyltar mot Femsj\u00f6, k\u00f6r f\u00f6rbi Femsj\u00f6, sv\u00e4ng h\u00f6ger och f\u00f6lj skylt&hellip; Forts\u00e4tt l\u00e4sa Hitta Hit","og_url":"https:\/\/skavboke.hemsida.eu\/stallet\/?page_id=375&lang=sv","og_site_name":"Test S\u00e5gknorren","article_modified_time":"2025-02-12T17:23:24+00:00","og_image":[{"url":"http:\/\/www.sagknorren.se\/wp-content\/uploads\/2017\/10\/WP_20170817_16_27_49_Pro-300x169.jpg","type":"","width":"","height":""}],"twitter_card":"summary_large_image","twitter_misc":{"Ber\u00e4knad l\u00e4stid":"2 minuter"},"schema":{"@context":"https:\/\/schema.org","@graph":[{"@type":"WebPage","@id":"https:\/\/skavboke.hemsida.eu\/stallet\/?page_id=375&lang=sv","url":"https:\/\/skavboke.hemsida.eu\/stallet\/?page_id=375&lang=sv","name":"Hitta Hit - Test S\u00e5gknorren","isPartOf":{"@id":"https:\/\/skavboke.hemsida.eu\/stallet\/#website"},"primaryImageOfPage":{"@id":"https:\/\/skavboke.hemsida.eu\/stallet\/?page_id=375&lang=sv#primaryimage"},"image":{"@id":"https:\/\/skavboke.hemsida.eu\/stallet\/?page_id=375&lang=sv#primaryimage"},"thumbnailUrl":"http:\/\/www.sagknorren.se\/wp-content\/uploads\/2017\/10\/WP_20170817_16_27_49_Pro-300x169.jpg","datePublished":"2025-02-10T18:19:05+00:00","dateModified":"2025-02-12T17:23:24+00:00","breadcrumb":{"@id":"https:\/\/skavboke.hemsida.eu\/stallet\/?page_id=375&lang=sv#breadcrumb"},"inLanguage":"sv-SE","potentialAction":[{"@type":"ReadAction","target":["https:\/\/skavboke.hemsida.eu\/stallet\/?page_id=375&lang=sv"]}]},{"@type":"ImageObject","inLanguage":"sv-SE","@id":"https:\/\/skavboke.hemsida.eu\/stallet\/?page_id=375&lang=sv#primaryimage","url":"http:\/\/www.sagknorren.se\/wp-content\/uploads\/2017\/10\/WP_20170817_16_27_49_Pro-300x169.jpg","contentUrl":"http:\/\/www.sagknorren.se\/wp-content\/uploads\/2017\/10\/WP_20170817_16_27_49_Pro-300x169.jpg"},{"@type":"BreadcrumbList","@id":"https:\/\/skavboke.hemsida.eu\/stallet\/?page_id=375&lang=sv#breadcrumb","itemListElement":[{"@type":"ListItem","position":1,"name":"Hem","item":"https:\/\/skavboke.hemsida.eu\/stallet\/?page_id=41&lang=sv"},{"@type":"ListItem","position":2,"name":"Hitta Hit"}]},{"@type":"WebSite","@id":"https:\/\/skavboke.hemsida.eu\/stallet\/#website","url":"https:\/\/skavboke.hemsida.eu\/stallet\/","name":"Test S\u00e5gknorren","description":"Med Sj\u00f6n runt knuten och skogen som granne","potentialAction":[{"@type":"SearchAction","target":{"@type":"EntryPoint","urlTemplate":"https:\/\/skavboke.hemsida.eu\/stallet\/?s={search_term_string}"},"query-input":{"@type":"PropertyValueSpecification","valueRequired":true,"valueName":"search_term_string"}}],"inLanguage":"sv-SE"}]}},"_links":{"self":[{"href":"https:\/\/skavboke.hemsida.eu\/stallet\/index.php?rest_route=\/wp\/v2\/pages\/375","targetHints":{"allow":["GET"]}}],"collection":[{"href":"https:\/\/skavboke.hemsida.eu\/stallet\/index.php?rest_route=\/wp\/v2\/pages"}],"about":[{"href":"https:\/\/skavboke.hemsida.eu\/stallet\/index.php?rest_route=\/wp\/v2\/types\/page"}],"author":[{"embeddable":true,"href":"https:\/\/skavboke.hemsida.eu\/stallet\/index.php?rest_route=\/wp\/v2\/users\/2"}],"replies":[{"embeddable":true,"href":"https:\/\/skavboke.hemsida.eu\/stallet\/index.php?rest_route=%2Fwp%2Fv2%2Fcomments&post=375"}],"version-history":[{"count":0,"href":"https:\/\/skavboke.hemsida.eu\/stallet\/index.php?rest_route=\/wp\/v2\/pages\/375\/revisions"}],"wp:attachment":[{"href":"https:\/\/skavboke.hemsida.eu\/stallet\/index.php?rest_route=%2Fwp%2Fv2%2Fmedia&parent=375"}],"curies":[{"name":"wp","href":"https:\/\/api.w.org\/{rel}","templated":true}]}}