{"id":366,"date":"2017-04-12T22:02:09","date_gmt":"2017-04-12T20:02:09","guid":{"rendered":"http:\/\/www.sagknorren.se\/?page_id=156"},"modified":"2025-12-27T15:15:20","modified_gmt":"2025-12-27T15:15:20","slug":"priser-mat","status":"publish","type":"page","link":"https:\/\/skavboke.hemsida.eu\/stallet\/?page_id=366&lang=sv","title":{"rendered":"Priser Mat"},"content":{"rendered":"<h2><span style=\"font-size: 14pt;\"><strong>Mat serverad p\u00e5 pensionatet<\/strong><\/span><\/h2>\n<table style=\"border-color: #ffffff; width: 100%;\">\n<tbody>\n<tr>\n<td style=\"height: 43px; width: 77.1428%;\"><span style=\"font-size: 12pt;\">Frukost \/ person<\/span><\/td>\n<td style=\"height: 43px; text-align: right; width: 21.9048%;\"><span style=\"font-size: 12pt;\">105 Kr<\/span><\/td>\n<\/tr>\n<tr>\n<td style=\"height: 43px; width: 77.1428%;\"><span style=\"font-size: 12pt;\">Brunch \/ person<\/span><\/td>\n<td style=\"height: 43px; text-align: right; width: 21.9048%;\"><span style=\"font-size: 12pt;\">295 Kr<\/span><\/td>\n<\/tr>\n<tr>\n<td style=\"height: 43px; width: 77.1428%;\"><span style=\"font-size: 12pt;\">Lunch\u00a0\/ person<\/span><\/td>\n<td style=\"height: 43px; text-align: right; width: 21.9048%;\"><span style=\"font-size: 12pt;\">140 Kr<\/span><\/td>\n<\/tr>\n<tr>\n<td style=\"height: 43px; width: 77.1428%;\"><span style=\"font-size: 12pt;\">Helglunch \/ person<\/span><\/td>\n<td style=\"height: 43px; text-align: right; width: 21.9048%;\"><span style=\"font-size: 12pt;\">180 Kr<\/span><\/td>\n<\/tr>\n<tr>\n<td style=\"height: 43px; width: 77.1428%;\"><span style=\"font-size: 12pt;\">Middag \/ person<\/span><\/td>\n<td style=\"height: 43px; text-align: right; width: 21.9048%;\"><span style=\"font-size: 12pt;\">fr\u00e5n 205 Kr<\/span><\/td>\n<\/tr>\n<tr>\n<td style=\"height: 43px; width: 77.1428%;\"><span style=\"font-size: 12pt;\">Kaffe med kaka\u00a0\/ person<\/span><\/td>\n<td style=\"height: 43px; text-align: right; width: 21.9048%;\"><span style=\"font-size: 12pt;\">60 Kr<\/span><\/td>\n<\/tr>\n<tr>\n<td style=\"height: 43px; width: 77.1428%;\"><span style=\"font-size: 12pt;\">Kaffe med fralla \/ person<\/span><\/td>\n<td style=\"height: 43px; text-align: right; width: 21.9048%;\"><span style=\"font-size: 12pt;\">75 Kr<\/span><\/td>\n<\/tr>\n<\/tbody>\n<\/table>\n<p>Alla priser inklusive moms.<br \/>\nVi erbjuder\u00a0\u00e4ven\u00a0te eller saft, flera sorter och kombinationer av kakor, t\u00e5rtor och frallor och allt \u00e4r hembakat. Har du andra \u00f6nskem\u00e5l eller f\u00f6rslag? Ring s\u00e5 l\u00f6ser vi det om vi kan.<\/p>\n","protected":false},"excerpt":{"rendered":"<p>Mat serverad p\u00e5 pensionatet Frukost \/ person 105 Kr Brunch \/ person 295 Kr Lunch\u00a0\/ person 140 Kr Helglunch \/ person 180 Kr Middag \/ person fr\u00e5n 205 Kr Kaffe med kaka\u00a0\/ person 60 Kr Kaffe med fralla \/ person 75 Kr Alla priser inklusive moms. Vi erbjuder\u00a0\u00e4ven\u00a0te eller saft, flera sorter och kombinationer av&hellip; <a class=\"more-link\" href=\"https:\/\/skavboke.hemsida.eu\/stallet\/?page_id=366&#038;lang=sv\">Forts\u00e4tt l\u00e4sa Priser Mat<\/a><\/p>\n","protected":false},"author":2,"featured_media":0,"parent":0,"menu_order":0,"comment_status":"closed","ping_status":"closed","template":"","meta":{"footnotes":""},"class_list":["post-366","page","type-page","status-publish","hentry"],"yoast_head":"<!-- This site is optimized with the Yoast SEO plugin v27.2 - https:\/\/yoast.com\/product\/yoast-seo-wordpress\/ -->\n<title>Priser Mat - Test S\u00e5gknorren<\/title>\n<meta name=\"robots\" content=\"noindex, follow, max-snippet:-1, max-image-preview:large, max-video-preview:-1\" \/>\n<meta property=\"og:locale\" content=\"sv_SE\" \/>\n<meta property=\"og:type\" content=\"article\" \/>\n<meta property=\"og:title\" content=\"Priser Mat - Test S\u00e5gknorren\" \/>\n<meta property=\"og:description\" content=\"Mat serverad p\u00e5 pensionatet Frukost \/ person 105 Kr Brunch \/ person 295 Kr Lunch\u00a0\/ person 140 Kr Helglunch \/ person 180 Kr Middag \/ person fr\u00e5n 205 Kr Kaffe med kaka\u00a0\/ person 60 Kr Kaffe med fralla \/ person 75 Kr Alla priser inklusive moms. Vi erbjuder\u00a0\u00e4ven\u00a0te eller saft, flera sorter och kombinationer av&hellip; Forts\u00e4tt l\u00e4sa Priser Mat\" \/>\n<meta property=\"og:url\" content=\"https:\/\/skavboke.hemsida.eu\/stallet\/?page_id=366&amp;lang=sv\" \/>\n<meta property=\"og:site_name\" content=\"Test S\u00e5gknorren\" \/>\n<meta property=\"article:modified_time\" content=\"2025-12-27T15:15:20+00:00\" \/>\n<meta name=\"twitter:card\" content=\"summary_large_image\" \/>\n<meta name=\"twitter:label1\" content=\"Ber\u00e4knad l\u00e4stid\" \/>\n\t<meta name=\"twitter:data1\" content=\"1 minut\" \/>\n<script type=\"application\/ld+json\" class=\"yoast-schema-graph\">{\"@context\":\"https:\/\/schema.org\",\"@graph\":[{\"@type\":\"WebPage\",\"@id\":\"https:\/\/skavboke.hemsida.eu\/stallet\/?page_id=366&lang=sv\",\"url\":\"https:\/\/skavboke.hemsida.eu\/stallet\/?page_id=366&lang=sv\",\"name\":\"Priser Mat - Test S\u00e5gknorren\",\"isPartOf\":{\"@id\":\"https:\/\/skavboke.hemsida.eu\/stallet\/#website\"},\"datePublished\":\"2017-04-12T20:02:09+00:00\",\"dateModified\":\"2025-12-27T15:15:20+00:00\",\"breadcrumb\":{\"@id\":\"https:\/\/skavboke.hemsida.eu\/stallet\/?page_id=366&lang=sv#breadcrumb\"},\"inLanguage\":\"sv-SE\",\"potentialAction\":[{\"@type\":\"ReadAction\",\"target\":[\"https:\/\/skavboke.hemsida.eu\/stallet\/?page_id=366&lang=sv\"]}]},{\"@type\":\"BreadcrumbList\",\"@id\":\"https:\/\/skavboke.hemsida.eu\/stallet\/?page_id=366&lang=sv#breadcrumb\",\"itemListElement\":[{\"@type\":\"ListItem\",\"position\":1,\"name\":\"Hem\",\"item\":\"https:\/\/skavboke.hemsida.eu\/stallet\/?page_id=41&lang=sv\"},{\"@type\":\"ListItem\",\"position\":2,\"name\":\"Priser Mat\"}]},{\"@type\":\"WebSite\",\"@id\":\"https:\/\/skavboke.hemsida.eu\/stallet\/#website\",\"url\":\"https:\/\/skavboke.hemsida.eu\/stallet\/\",\"name\":\"Test S\u00e5gknorren\",\"description\":\"Med Sj\u00f6n runt knuten och skogen som granne\",\"potentialAction\":[{\"@type\":\"SearchAction\",\"target\":{\"@type\":\"EntryPoint\",\"urlTemplate\":\"https:\/\/skavboke.hemsida.eu\/stallet\/?s={search_term_string}\"},\"query-input\":{\"@type\":\"PropertyValueSpecification\",\"valueRequired\":true,\"valueName\":\"search_term_string\"}}],\"inLanguage\":\"sv-SE\"}]}<\/script>\n<!-- \/ Yoast SEO plugin. -->","yoast_head_json":{"title":"Priser Mat - Test S\u00e5gknorren","robots":{"index":"noindex","follow":"follow","max-snippet":"max-snippet:-1","max-image-preview":"max-image-preview:large","max-video-preview":"max-video-preview:-1"},"og_locale":"sv_SE","og_type":"article","og_title":"Priser Mat - Test S\u00e5gknorren","og_description":"Mat serverad p\u00e5 pensionatet Frukost \/ person 105 Kr Brunch \/ person 295 Kr Lunch\u00a0\/ person 140 Kr Helglunch \/ person 180 Kr Middag \/ person fr\u00e5n 205 Kr Kaffe med kaka\u00a0\/ person 60 Kr Kaffe med fralla \/ person 75 Kr Alla priser inklusive moms. Vi erbjuder\u00a0\u00e4ven\u00a0te eller saft, flera sorter och kombinationer av&hellip; Forts\u00e4tt l\u00e4sa Priser Mat","og_url":"https:\/\/skavboke.hemsida.eu\/stallet\/?page_id=366&lang=sv","og_site_name":"Test S\u00e5gknorren","article_modified_time":"2025-12-27T15:15:20+00:00","twitter_card":"summary_large_image","twitter_misc":{"Ber\u00e4knad l\u00e4stid":"1 minut"},"schema":{"@context":"https:\/\/schema.org","@graph":[{"@type":"WebPage","@id":"https:\/\/skavboke.hemsida.eu\/stallet\/?page_id=366&lang=sv","url":"https:\/\/skavboke.hemsida.eu\/stallet\/?page_id=366&lang=sv","name":"Priser Mat - Test S\u00e5gknorren","isPartOf":{"@id":"https:\/\/skavboke.hemsida.eu\/stallet\/#website"},"datePublished":"2017-04-12T20:02:09+00:00","dateModified":"2025-12-27T15:15:20+00:00","breadcrumb":{"@id":"https:\/\/skavboke.hemsida.eu\/stallet\/?page_id=366&lang=sv#breadcrumb"},"inLanguage":"sv-SE","potentialAction":[{"@type":"ReadAction","target":["https:\/\/skavboke.hemsida.eu\/stallet\/?page_id=366&lang=sv"]}]},{"@type":"BreadcrumbList","@id":"https:\/\/skavboke.hemsida.eu\/stallet\/?page_id=366&lang=sv#breadcrumb","itemListElement":[{"@type":"ListItem","position":1,"name":"Hem","item":"https:\/\/skavboke.hemsida.eu\/stallet\/?page_id=41&lang=sv"},{"@type":"ListItem","position":2,"name":"Priser Mat"}]},{"@type":"WebSite","@id":"https:\/\/skavboke.hemsida.eu\/stallet\/#website","url":"https:\/\/skavboke.hemsida.eu\/stallet\/","name":"Test S\u00e5gknorren","description":"Med Sj\u00f6n runt knuten och skogen som granne","potentialAction":[{"@type":"SearchAction","target":{"@type":"EntryPoint","urlTemplate":"https:\/\/skavboke.hemsida.eu\/stallet\/?s={search_term_string}"},"query-input":{"@type":"PropertyValueSpecification","valueRequired":true,"valueName":"search_term_string"}}],"inLanguage":"sv-SE"}]}},"_links":{"self":[{"href":"https:\/\/skavboke.hemsida.eu\/stallet\/index.php?rest_route=\/wp\/v2\/pages\/366","targetHints":{"allow":["GET"]}}],"collection":[{"href":"https:\/\/skavboke.hemsida.eu\/stallet\/index.php?rest_route=\/wp\/v2\/pages"}],"about":[{"href":"https:\/\/skavboke.hemsida.eu\/stallet\/index.php?rest_route=\/wp\/v2\/types\/page"}],"author":[{"embeddable":true,"href":"https:\/\/skavboke.hemsida.eu\/stallet\/index.php?rest_route=\/wp\/v2\/users\/2"}],"replies":[{"embeddable":true,"href":"https:\/\/skavboke.hemsida.eu\/stallet\/index.php?rest_route=%2Fwp%2Fv2%2Fcomments&post=366"}],"version-history":[{"count":3,"href":"https:\/\/skavboke.hemsida.eu\/stallet\/index.php?rest_route=\/wp\/v2\/pages\/366\/revisions"}],"predecessor-version":[{"id":2484,"href":"https:\/\/skavboke.hemsida.eu\/stallet\/index.php?rest_route=\/wp\/v2\/pages\/366\/revisions\/2484"}],"wp:attachment":[{"href":"https:\/\/skavboke.hemsida.eu\/stallet\/index.php?rest_route=%2Fwp%2Fv2%2Fmedia&parent=366"}],"curies":[{"name":"wp","href":"https:\/\/api.w.org\/{rel}","templated":true}]}}