{"id":128,"date":"2025-02-04T14:55:04","date_gmt":"2025-02-04T14:55:04","guid":{"rendered":"http:\/\/www.sagknorren.se\/?page_id=128"},"modified":"2025-02-13T17:56:35","modified_gmt":"2025-02-13T17:56:35","slug":"konferens-2","status":"publish","type":"page","link":"https:\/\/skavboke.hemsida.eu\/stallet\/?page_id=128&lang=sv","title":{"rendered":"Konferens"},"content":{"rendered":"<div class=\"wp-block-image\">\n<figure class=\"alignleft is-resized\"><img loading=\"lazy\" decoding=\"async\" width=\"4928\" height=\"3264\" src=\"http:\/\/www.sagknorren.se\/wp-content\/uploads\/2017\/10\/DSC_0565.jpg\" alt=\"\" class=\"wp-image-664\" style=\"width:392px;height:auto\"\/><\/figure>\n<\/div>\n\n\n<p>Att konferera hos oss p\u00e5 S\u00e5gknorren liknar inte det vanliga. Redan n\u00e4r ni parkerar sl\u00e5s ni s\u00e4kert av tystnaden och lugnet, h\u00e4r \u00e4r er grupp den enda och den viktigaste.\u00a0Vi lagar alltid maten fr\u00e5n grunden med svenska och lokala r\u00e5varor av h\u00f6gsta kvalitet. H\u00e4r \u00e4r milj\u00f6t\u00e4nkande ett ledord.<\/p>\n\n\n\n<p><br><br><br><br><br><br><\/p>\n\n\n<div class=\"wp-block-image\">\n<figure class=\"alignleft is-resized\"><img loading=\"lazy\" decoding=\"async\" width=\"4928\" height=\"3264\" src=\"http:\/\/www.sagknorren.se\/wp-content\/uploads\/2017\/04\/DSC_0487.jpg\" alt=\"\" class=\"wp-image-325\" style=\"width:393px;height:auto\" srcset=\"https:\/\/skavboke.hemsida.eu\/stallet\/wp-content\/uploads\/2017\/04\/DSC_0487.jpg 4928w, https:\/\/skavboke.hemsida.eu\/stallet\/wp-content\/uploads\/2017\/04\/DSC_0487-300x199.jpg 300w, https:\/\/skavboke.hemsida.eu\/stallet\/wp-content\/uploads\/2017\/04\/DSC_0487-768x509.jpg 768w, https:\/\/skavboke.hemsida.eu\/stallet\/wp-content\/uploads\/2017\/04\/DSC_0487-1024x678.jpg 1024w, https:\/\/skavboke.hemsida.eu\/stallet\/wp-content\/uploads\/2017\/04\/DSC_0487-360x238.jpg 360w, https:\/\/skavboke.hemsida.eu\/stallet\/wp-content\/uploads\/2017\/04\/DSC_0487-1812x1200.jpg 1812w, https:\/\/skavboke.hemsida.eu\/stallet\/wp-content\/uploads\/2017\/04\/DSC_0487-100x66.jpg 100w, https:\/\/skavboke.hemsida.eu\/stallet\/wp-content\/uploads\/2017\/04\/DSC_0487-400x265.jpg 400w\" sizes=\"auto, (max-width: 4928px) 100vw, 4928px\" \/><\/figure>\n<\/div>\n\n\n<p>Vi har en stor konferens sal i Pensionat.<\/p>\n\n\n\n<p><br><br><br><br><br><br><br><br><br><br><\/p>\n\n\n<div class=\"wp-block-image\">\n<figure class=\"alignleft is-resized\"><img loading=\"lazy\" decoding=\"async\" width=\"4928\" height=\"3264\" src=\"http:\/\/www.sagknorren.se\/wp-content\/uploads\/2020\/09\/DSC_0550.jpg\" alt=\"\" class=\"wp-image-624\" style=\"width:396px;height:auto\"\/><\/figure>\n<\/div>\n\n\n<p>P\u00e5 Pensionatets \u00f6verv\u00e5ning finns ett mindre konferens rum.<\/p>\n","protected":false},"excerpt":{"rendered":"<p>Att konferera hos oss p\u00e5 S\u00e5gknorren liknar inte det vanliga. Redan n\u00e4r ni parkerar sl\u00e5s ni s\u00e4kert av tystnaden och lugnet, h\u00e4r \u00e4r er grupp den enda och den viktigaste.\u00a0Vi lagar alltid maten fr\u00e5n grunden med svenska och lokala r\u00e5varor av h\u00f6gsta kvalitet. H\u00e4r \u00e4r milj\u00f6t\u00e4nkande ett ledord. Vi har en stor konferens sal i&hellip; <a class=\"more-link\" href=\"https:\/\/skavboke.hemsida.eu\/stallet\/?page_id=128&#038;lang=sv\">Forts\u00e4tt l\u00e4sa Konferens<\/a><\/p>\n","protected":false},"author":2,"featured_media":0,"parent":0,"menu_order":0,"comment_status":"closed","ping_status":"closed","template":"","meta":{"footnotes":""},"class_list":["post-128","page","type-page","status-publish","hentry"],"yoast_head":"<!-- This site is optimized with the Yoast SEO plugin v27.2 - https:\/\/yoast.com\/product\/yoast-seo-wordpress\/ -->\n<title>Konferens - Test S\u00e5gknorren<\/title>\n<meta name=\"robots\" content=\"noindex, follow, max-snippet:-1, max-image-preview:large, max-video-preview:-1\" \/>\n<meta property=\"og:locale\" content=\"sv_SE\" \/>\n<meta property=\"og:type\" content=\"article\" \/>\n<meta property=\"og:title\" content=\"Konferens - Test S\u00e5gknorren\" \/>\n<meta property=\"og:description\" content=\"Att konferera hos oss p\u00e5 S\u00e5gknorren liknar inte det vanliga. Redan n\u00e4r ni parkerar sl\u00e5s ni s\u00e4kert av tystnaden och lugnet, h\u00e4r \u00e4r er grupp den enda och den viktigaste.\u00a0Vi lagar alltid maten fr\u00e5n grunden med svenska och lokala r\u00e5varor av h\u00f6gsta kvalitet. H\u00e4r \u00e4r milj\u00f6t\u00e4nkande ett ledord. Vi har en stor konferens sal i&hellip; Forts\u00e4tt l\u00e4sa Konferens\" \/>\n<meta property=\"og:url\" content=\"https:\/\/skavboke.hemsida.eu\/stallet\/?page_id=128&amp;lang=sv\" \/>\n<meta property=\"og:site_name\" content=\"Test S\u00e5gknorren\" \/>\n<meta property=\"article:modified_time\" content=\"2025-02-13T17:56:35+00:00\" \/>\n<meta property=\"og:image\" content=\"http:\/\/www.sagknorren.se\/wp-content\/uploads\/2017\/10\/DSC_0565.jpg\" \/>\n<meta name=\"twitter:card\" content=\"summary_large_image\" \/>\n<meta name=\"twitter:label1\" content=\"Ber\u00e4knad l\u00e4stid\" \/>\n\t<meta name=\"twitter:data1\" content=\"1 minut\" \/>\n<script type=\"application\/ld+json\" class=\"yoast-schema-graph\">{\"@context\":\"https:\/\/schema.org\",\"@graph\":[{\"@type\":\"WebPage\",\"@id\":\"https:\/\/skavboke.hemsida.eu\/stallet\/?page_id=128&lang=sv\",\"url\":\"https:\/\/skavboke.hemsida.eu\/stallet\/?page_id=128&lang=sv\",\"name\":\"Konferens - Test S\u00e5gknorren\",\"isPartOf\":{\"@id\":\"https:\/\/skavboke.hemsida.eu\/stallet\/#website\"},\"primaryImageOfPage\":{\"@id\":\"https:\/\/skavboke.hemsida.eu\/stallet\/?page_id=128&lang=sv#primaryimage\"},\"image\":{\"@id\":\"https:\/\/skavboke.hemsida.eu\/stallet\/?page_id=128&lang=sv#primaryimage\"},\"thumbnailUrl\":\"http:\/\/www.sagknorren.se\/wp-content\/uploads\/2017\/10\/DSC_0565.jpg\",\"datePublished\":\"2025-02-04T14:55:04+00:00\",\"dateModified\":\"2025-02-13T17:56:35+00:00\",\"breadcrumb\":{\"@id\":\"https:\/\/skavboke.hemsida.eu\/stallet\/?page_id=128&lang=sv#breadcrumb\"},\"inLanguage\":\"sv-SE\",\"potentialAction\":[{\"@type\":\"ReadAction\",\"target\":[\"https:\/\/skavboke.hemsida.eu\/stallet\/?page_id=128&lang=sv\"]}]},{\"@type\":\"ImageObject\",\"inLanguage\":\"sv-SE\",\"@id\":\"https:\/\/skavboke.hemsida.eu\/stallet\/?page_id=128&lang=sv#primaryimage\",\"url\":\"http:\/\/www.sagknorren.se\/wp-content\/uploads\/2017\/10\/DSC_0565.jpg\",\"contentUrl\":\"http:\/\/www.sagknorren.se\/wp-content\/uploads\/2017\/10\/DSC_0565.jpg\"},{\"@type\":\"BreadcrumbList\",\"@id\":\"https:\/\/skavboke.hemsida.eu\/stallet\/?page_id=128&lang=sv#breadcrumb\",\"itemListElement\":[{\"@type\":\"ListItem\",\"position\":1,\"name\":\"Hem\",\"item\":\"https:\/\/skavboke.hemsida.eu\/stallet\/?page_id=41&lang=sv\"},{\"@type\":\"ListItem\",\"position\":2,\"name\":\"Konferens\"}]},{\"@type\":\"WebSite\",\"@id\":\"https:\/\/skavboke.hemsida.eu\/stallet\/#website\",\"url\":\"https:\/\/skavboke.hemsida.eu\/stallet\/\",\"name\":\"Test S\u00e5gknorren\",\"description\":\"Med Sj\u00f6n runt knuten och skogen som granne\",\"potentialAction\":[{\"@type\":\"SearchAction\",\"target\":{\"@type\":\"EntryPoint\",\"urlTemplate\":\"https:\/\/skavboke.hemsida.eu\/stallet\/?s={search_term_string}\"},\"query-input\":{\"@type\":\"PropertyValueSpecification\",\"valueRequired\":true,\"valueName\":\"search_term_string\"}}],\"inLanguage\":\"sv-SE\"}]}<\/script>\n<!-- \/ Yoast SEO plugin. -->","yoast_head_json":{"title":"Konferens - Test S\u00e5gknorren","robots":{"index":"noindex","follow":"follow","max-snippet":"max-snippet:-1","max-image-preview":"max-image-preview:large","max-video-preview":"max-video-preview:-1"},"og_locale":"sv_SE","og_type":"article","og_title":"Konferens - Test S\u00e5gknorren","og_description":"Att konferera hos oss p\u00e5 S\u00e5gknorren liknar inte det vanliga. Redan n\u00e4r ni parkerar sl\u00e5s ni s\u00e4kert av tystnaden och lugnet, h\u00e4r \u00e4r er grupp den enda och den viktigaste.\u00a0Vi lagar alltid maten fr\u00e5n grunden med svenska och lokala r\u00e5varor av h\u00f6gsta kvalitet. H\u00e4r \u00e4r milj\u00f6t\u00e4nkande ett ledord. Vi har en stor konferens sal i&hellip; Forts\u00e4tt l\u00e4sa Konferens","og_url":"https:\/\/skavboke.hemsida.eu\/stallet\/?page_id=128&lang=sv","og_site_name":"Test S\u00e5gknorren","article_modified_time":"2025-02-13T17:56:35+00:00","og_image":[{"url":"http:\/\/www.sagknorren.se\/wp-content\/uploads\/2017\/10\/DSC_0565.jpg","type":"","width":"","height":""}],"twitter_card":"summary_large_image","twitter_misc":{"Ber\u00e4knad l\u00e4stid":"1 minut"},"schema":{"@context":"https:\/\/schema.org","@graph":[{"@type":"WebPage","@id":"https:\/\/skavboke.hemsida.eu\/stallet\/?page_id=128&lang=sv","url":"https:\/\/skavboke.hemsida.eu\/stallet\/?page_id=128&lang=sv","name":"Konferens - Test S\u00e5gknorren","isPartOf":{"@id":"https:\/\/skavboke.hemsida.eu\/stallet\/#website"},"primaryImageOfPage":{"@id":"https:\/\/skavboke.hemsida.eu\/stallet\/?page_id=128&lang=sv#primaryimage"},"image":{"@id":"https:\/\/skavboke.hemsida.eu\/stallet\/?page_id=128&lang=sv#primaryimage"},"thumbnailUrl":"http:\/\/www.sagknorren.se\/wp-content\/uploads\/2017\/10\/DSC_0565.jpg","datePublished":"2025-02-04T14:55:04+00:00","dateModified":"2025-02-13T17:56:35+00:00","breadcrumb":{"@id":"https:\/\/skavboke.hemsida.eu\/stallet\/?page_id=128&lang=sv#breadcrumb"},"inLanguage":"sv-SE","potentialAction":[{"@type":"ReadAction","target":["https:\/\/skavboke.hemsida.eu\/stallet\/?page_id=128&lang=sv"]}]},{"@type":"ImageObject","inLanguage":"sv-SE","@id":"https:\/\/skavboke.hemsida.eu\/stallet\/?page_id=128&lang=sv#primaryimage","url":"http:\/\/www.sagknorren.se\/wp-content\/uploads\/2017\/10\/DSC_0565.jpg","contentUrl":"http:\/\/www.sagknorren.se\/wp-content\/uploads\/2017\/10\/DSC_0565.jpg"},{"@type":"BreadcrumbList","@id":"https:\/\/skavboke.hemsida.eu\/stallet\/?page_id=128&lang=sv#breadcrumb","itemListElement":[{"@type":"ListItem","position":1,"name":"Hem","item":"https:\/\/skavboke.hemsida.eu\/stallet\/?page_id=41&lang=sv"},{"@type":"ListItem","position":2,"name":"Konferens"}]},{"@type":"WebSite","@id":"https:\/\/skavboke.hemsida.eu\/stallet\/#website","url":"https:\/\/skavboke.hemsida.eu\/stallet\/","name":"Test S\u00e5gknorren","description":"Med Sj\u00f6n runt knuten och skogen som granne","potentialAction":[{"@type":"SearchAction","target":{"@type":"EntryPoint","urlTemplate":"https:\/\/skavboke.hemsida.eu\/stallet\/?s={search_term_string}"},"query-input":{"@type":"PropertyValueSpecification","valueRequired":true,"valueName":"search_term_string"}}],"inLanguage":"sv-SE"}]}},"_links":{"self":[{"href":"https:\/\/skavboke.hemsida.eu\/stallet\/index.php?rest_route=\/wp\/v2\/pages\/128","targetHints":{"allow":["GET"]}}],"collection":[{"href":"https:\/\/skavboke.hemsida.eu\/stallet\/index.php?rest_route=\/wp\/v2\/pages"}],"about":[{"href":"https:\/\/skavboke.hemsida.eu\/stallet\/index.php?rest_route=\/wp\/v2\/types\/page"}],"author":[{"embeddable":true,"href":"https:\/\/skavboke.hemsida.eu\/stallet\/index.php?rest_route=\/wp\/v2\/users\/2"}],"replies":[{"embeddable":true,"href":"https:\/\/skavboke.hemsida.eu\/stallet\/index.php?rest_route=%2Fwp%2Fv2%2Fcomments&post=128"}],"version-history":[{"count":1,"href":"https:\/\/skavboke.hemsida.eu\/stallet\/index.php?rest_route=\/wp\/v2\/pages\/128\/revisions"}],"predecessor-version":[{"id":2523,"href":"https:\/\/skavboke.hemsida.eu\/stallet\/index.php?rest_route=\/wp\/v2\/pages\/128\/revisions\/2523"}],"wp:attachment":[{"href":"https:\/\/skavboke.hemsida.eu\/stallet\/index.php?rest_route=%2Fwp%2Fv2%2Fmedia&parent=128"}],"curies":[{"name":"wp","href":"https:\/\/api.w.org\/{rel}","templated":true}]}}