{"id":125,"date":"2025-02-10T21:32:39","date_gmt":"2025-02-10T21:32:39","guid":{"rendered":"http:\/\/www.sagknorren.se\/?page_id=125"},"modified":"2026-02-22T13:33:38","modified_gmt":"2026-02-22T13:33:38","slug":"se-gora","status":"publish","type":"page","link":"https:\/\/skavboke.hemsida.eu\/stallet\/?page_id=125&lang=sv","title":{"rendered":"Aktiviteter"},"content":{"rendered":"\n<p style=\"text-align: center;\"><span style=\"color: #ff6600;\"><em>P\u00e5 en mobiltelefon ses sidan b\u00e4st i liggande l\u00e4ge.<\/em><\/span><\/p>\n<p style=\"text-align: left;\"><img loading=\"lazy\" decoding=\"async\" class=\"alignleft\" src=\"http:\/\/www.sagknorren.se\/wp-content\/uploads\/2017\/10\/IMG_0890G\u00f6kudden.jpg\" width=\"300\" height=\"225\" \/>Hos oss p\u00e5 S\u00e5gknorren kan du ta del av m\u00e5nga aktiviteter f\u00f6r kropp och sj\u00e4l. Allt fr\u00e5n lugn avkoppling i v\u00e5r vedeldade badtunna eller vedeldade bastu nere vid sj\u00f6n med ett svalkande dopp i vattnet efter\u00e5t, prova fiskelyckan i m\u00e5nga av v\u00e5ra omgivande sj\u00f6ar, en promenad p\u00e5 v\u00e5ra fina skogsv\u00e4gar \/ stigar i den vackra omgivningen, paddla i kanot eller p\u00e5 SUP i det omv\u00e4xlande sj\u00f6systemet eller en tur p\u00e5 cykel om du vill komma lite l\u00e4ngre iv\u00e4g.<br \/><br \/><\/p>\n<p>\u00a0<\/p>\n<p style=\"text-align: center;\"><img loading=\"lazy\" decoding=\"async\" class=\"alignleft\" src=\"http:\/\/www.sagknorren.se\/wp-content\/uploads\/2017\/10\/DSC_0551.jpg\" width=\"300\" height=\"210\" \/><img loading=\"lazy\" decoding=\"async\" class=\" wp-image-1642 alignright\" src=\"http:\/\/www.sagknorren.se\/wp-content\/uploads\/2025\/02\/SUP-K.jpg\" width=\"290\" height=\"200\" \/>Vi har fyra kanoter och tre SUPar som du kan hyra.<br \/>Vi har \u00e4ven flytv\u00e4star.<br \/><br \/><br \/><br \/><br \/><\/p>\n<p>\u00a0<\/p>\n<p style=\"text-align: center;\"><img loading=\"lazy\" decoding=\"async\" class=\"alignleft\" src=\"http:\/\/www.sagknorren.se\/wp-content\/uploads\/2017\/10\/Resized_20170926_183018.jpeg\" width=\"275\" height=\"200\" \/><img loading=\"lazy\" decoding=\"async\" class=\"alignright\" src=\"http:\/\/www.sagknorren.se\/wp-content\/uploads\/2017\/10\/20151021_155258.jpg\" width=\"275\" height=\"200\" \/>H\u00e4r finns fina cykelv\u00e4gar f\u00f6r egna \u00e4ventyr i n\u00e4romr\u00e5det. Cyklar kan hyras av<br \/><a href=\"http:\/\/www.mountainbikinginhalmstad.com\">Mountain Biking Halmstad<\/a><br \/><br \/><a href=\"http:\/\/sagknorren.se\/Bolmenbanan\">Bolmenbanan<\/a><br \/><a href=\"https:\/\/www.hylte.se\/visit-hylte\/natur-och-friluftsliv\/cykla\">Cykla i Hylte<\/a><\/p>\n<p>\u00a0<\/p>\n<p style=\"text-align: left;\"><img loading=\"lazy\" decoding=\"async\" class=\"alignleft\" src=\"http:\/\/www.sagknorren.se\/wp-content\/uploads\/2025\/02\/ToS-Safari.jpg\" width=\"300\" height=\"250\" \/><img loading=\"lazy\" decoding=\"async\" class=\"alignright\" src=\"http:\/\/www.sagknorren.se\/wp-content\/uploads\/2025\/02\/Sodra.jpg\" width=\"210\" height=\"100\" \/>Knallhults tr\u00e4d- och skogssafari \u00e4r en natursk\u00f6n slinga p\u00e5 skogsv\u00e4gar och stigar i den sj\u00f6n\u00e4ra milj\u00f6n runt Pensionatet som \u00e4r cirka 2 km l\u00e5ng.<br \/>Utmed rundan finns ett 10-tal skyltar med information om skogen och skogssk\u00f6tsel.<br \/>D\u00e4r finns ocks\u00e5 20 olika tr\u00e4d markerade med bl\u00e5 snitslar och ett nummer. Vad \u00e4r det f\u00f6r tr\u00e4d? Svaren finns att h\u00e4mtas p\u00e5 Pensionatet.<\/p>\n<p>\u00a0<\/p>\n<p style=\"text-align: left;\"><img loading=\"lazy\" decoding=\"async\" class=\"alignleft\" src=\"http:\/\/www.sagknorren.se\/wp-content\/uploads\/2017\/04\/Fiske.jpg\" width=\"300\" height=\"200\" \/><img loading=\"lazy\" decoding=\"async\" class=\"alignright\" src=\"http:\/\/www.sagknorren.se\/wp-content\/uploads\/2017\/10\/foto-e1508981199462.jpg\" width=\"225\" height=\"300\" \/>H\u00e4r finns m\u00e5nga fina fiskevatten i trakten med stora g\u00e4ddor, abborrar och braxen.<br \/>Hos oss k\u00f6per du fiske kort och kan hyra b\u00e5t.<br \/><br \/><br \/><br \/><br \/><br \/><br \/><\/p>\n<p>\u00a0<\/p>\n<p style=\"text-align: left;\"><img loading=\"lazy\" decoding=\"async\" class=\"alignleft\" src=\"http:\/\/www.sagknorren.se\/wp-content\/uploads\/2017\/10\/DSC_0562.jpg\" width=\"300\" height=\"199\" \/>I v\u00e5r vedeldade badtunna kan du sitta och njuta av stj\u00e4rnhimlen, sommar som vinter efter n\u00e5gra timmars eldning.<br \/><br \/><br \/><br \/><br \/><\/p>\n<p>\u00a0<\/p>\n<p style=\"text-align: center;\">V\u00e5r mysiga lilla bastu p\u00e5 &#8221;G\u00f6kudden&#8221; blir snabbt varm och kallt dopp utanf\u00f6r d\u00f6rren.<br \/><br \/><img loading=\"lazy\" decoding=\"async\" class=\"alignleft\" src=\"http:\/\/www.sagknorren.se\/wp-content\/uploads\/2017\/04\/Bastu.jpg\" width=\"185\" height=\"185\" \/><img loading=\"lazy\" decoding=\"async\" class=\"alignleft\" src=\"http:\/\/www.sagknorren.se\/wp-content\/uploads\/2017\/10\/Semester-13-424.jpg\" width=\"245\" height=\"190\" \/><img loading=\"lazy\" decoding=\"async\" class=\"alignnone\" src=\"http:\/\/www.sagknorren.se\/wp-content\/uploads\/2017\/10\/puddenv\u00a8\u00e5r-137.jpg\" width=\"245\" height=\"190\" \/><br \/><br \/><\/p>\n<p style=\"text-align: left;\"><img loading=\"lazy\" decoding=\"async\" class=\"alignleft\" src=\"http:\/\/www.sagknorren.se\/wp-content\/uploads\/2017\/10\/SANY0080.jpg\" width=\"300\" height=\"225\" \/><img loading=\"lazy\" decoding=\"async\" class=\"alignright\" src=\"http:\/\/www.sagknorren.se\/wp-content\/uploads\/2017\/10\/Apport.jpg\" width=\"300\" height=\"200\" \/>Hos oss kan du tr\u00e4na hunden b\u00e5de p\u00e5 land och i vatten.<br \/><br \/><br \/><br \/><br \/><br \/><\/p>\n<p>\u00a0<\/p>\n<p style=\"text-align: left;\"><img loading=\"lazy\" decoding=\"async\" class=\"alignleft\" src=\"http:\/\/www.sagknorren.se\/wp-content\/uploads\/2017\/04\/S_Vandring.jpg\" width=\"136\" height=\"300\" \/><img loading=\"lazy\" decoding=\"async\" class=\"alignright\" src=\"http:\/\/www.sagknorren.se\/wp-content\/uploads\/2017\/10\/20140905_201902.jpg\" width=\"300\" height=\"225\" \/>F\u00f6r den som vill veta mera finns v\u00e5r mysiga S\u00e4genvandring om h\u00e4ndelser i bygden, d\u00e4r du f\u00e5r ber\u00e4ttat b\u00e5de skr\u00f6nor och verkliga historier om vad som h\u00e4nt i svunnen tid.<br \/><br \/><br \/><br \/><br \/><br \/><br \/><br \/><\/p>\n<p>S\u00f6ker du en annorlunda upplevelse i naturen? Kom d\u00e5 och njut av en sen kv\u00e4llspromenad, eller luta dig tillbaka i en stol utomhus och ta del av en fantastisk stj\u00e4rnhimmel under klara kv\u00e4llar. Eller varf\u00f6r inte en roddtur i m\u00e5nskenet, verkligen n\u00e5got att minnas.\u00a0Bort fr\u00e5n bebyggelsens ljus kommer du att se ett himlavalv fyllt av stj\u00e4rnor och planeter. En upplevelse av astronomiska proportioner.<\/p>\n<p style=\"text-align: left;\"><img loading=\"lazy\" decoding=\"async\" class=\"alignleft\" src=\"http:\/\/www.sagknorren.se\/wp-content\/uploads\/2017\/10\/DSC_0199.jpg\" width=\"300\" height=\"199\" \/><img loading=\"lazy\" decoding=\"async\" class=\"alignright\" src=\"http:\/\/www.sagknorren.se\/wp-content\/uploads\/2017\/10\/DSC_0202.jpg\" width=\"300\" height=\"199\" \/>V\u00e5rt spel rum &#8221;Spelstall&#8221; \u00e4r idealiskt f\u00f6r stunder,\u00a0d\u00e4r du kan utmana dina v\u00e4nner i diverse aktiviteter och spel.<br \/><br \/><br \/><br \/><br \/><\/p>\n<p>\u00a0<\/p>\n<p style=\"text-align: left;\"><img loading=\"lazy\" decoding=\"async\" class=\"alignleft\" src=\"http:\/\/www.sagknorren.se\/wp-content\/uploads\/2017\/10\/20140226_142616.jpg\" width=\"230\" height=\"180\" \/>H\u00e4r kan du vara med om br\u00f6dbak p\u00e5 gammaldags vis i vedeldad stenugn.<br \/><br \/><img loading=\"lazy\" decoding=\"async\" class=\"alignleft\" src=\"http:\/\/www.sagknorren.se\/wp-content\/uploads\/2017\/10\/20150924_211112.jpg\" width=\"190\" height=\"144\" \/><img loading=\"lazy\" decoding=\"async\" class=\"alignleft\" src=\"http:\/\/www.sagknorren.se\/wp-content\/uploads\/2017\/10\/WP_20170824_12_29_35_Pro.jpg\" width=\"218\" height=\"123\" \/><br \/><br \/><br \/><br \/><br \/><\/p>\n<p>\u00a0<\/p>\n<p><img loading=\"lazy\" decoding=\"async\" class=\"wp-image-2544 alignleft\" src=\"http:\/\/www.sagknorren.se\/wp-content\/uploads\/2026\/02\/Rydo-GK-1.jpg\" alt=\"\" width=\"200\" height=\"204\" srcset=\"https:\/\/skavboke.hemsida.eu\/stallet\/wp-content\/uploads\/2026\/02\/Rydo-GK-1.jpg 628w, https:\/\/skavboke.hemsida.eu\/stallet\/wp-content\/uploads\/2026\/02\/Rydo-GK-1-294x300.jpg 294w, https:\/\/skavboke.hemsida.eu\/stallet\/wp-content\/uploads\/2026\/02\/Rydo-GK-1-98x100.jpg 98w, https:\/\/skavboke.hemsida.eu\/stallet\/wp-content\/uploads\/2026\/02\/Rydo-GK-1-400x408.jpg 400w\" sizes=\"auto, (max-width: 200px) 100vw, 200px\" \/><\/p>\n<p><img loading=\"lazy\" decoding=\"async\" class=\"alignright wp-image-2545\" src=\"http:\/\/www.sagknorren.se\/wp-content\/uploads\/2026\/02\/Rydo-GK-2.jpg\" alt=\"\" width=\"198\" height=\"202\" srcset=\"https:\/\/skavboke.hemsida.eu\/stallet\/wp-content\/uploads\/2026\/02\/Rydo-GK-2.jpg 627w, https:\/\/skavboke.hemsida.eu\/stallet\/wp-content\/uploads\/2026\/02\/Rydo-GK-2-295x300.jpg 295w, https:\/\/skavboke.hemsida.eu\/stallet\/wp-content\/uploads\/2026\/02\/Rydo-GK-2-98x100.jpg 98w, https:\/\/skavboke.hemsida.eu\/stallet\/wp-content\/uploads\/2026\/02\/Rydo-GK-2-400x407.jpg 400w\" sizes=\"auto, (max-width: 198px) 100vw, 198px\" \/><\/p>\n<p>Kanske en golf runda? I samarbete med <a href=\"https:\/\/www.rydogolf.se\/\">Ryd\u00f6 Golfklubb<\/a>) erbjuder vi ett flertal boende\/golf paket. Avst\u00e5ndet till golf banan \u00e4r 24 km. Aktivt Golf-ID kr\u00e4vs f\u00f6r att spela. Detaljer om dessa paket med priser etc. finns att l\u00e4sa p\u00e5 <a href=\"https:\/\/www.rydogolf.se\/gaest\/boende\/\">Ryd\u00f6 GK Boende<\/a>. Bokning av boende g\u00f6r du h\u00e4r p\u00e5 <a href=\"https:\/\/skavboke.hemsida.eu\/stallet\/?page_id=353&amp;lang=sv\">S\u00e5gknorren<\/a>. Bokning av starttid g\u00f6r du p\u00e5 <a href=\"https:\/\/www.rydogolf.se\/spela\/boka-starttid\/\">golfklubben<\/a>.<\/p>\n<p><br \/><br \/><\/p>\n<p style=\"text-align: center;\">F\u00f6r dig som vill ha lite mer fart och fl\u00e4kt har vi n\u00f6jesparken High Chaparral i V\u00e4rnamo, \u00c4ventyrslandet i Halmstad eller varuhuset Gek\u00e5s i Ullared p\u00e5 som mest en timmes bilresa bort.<\/p>\n","protected":false},"excerpt":{"rendered":"<p>P\u00e5 en mobiltelefon ses sidan b\u00e4st i liggande l\u00e4ge. Hos oss p\u00e5 S\u00e5gknorren kan du ta del av m\u00e5nga aktiviteter f\u00f6r kropp och sj\u00e4l. Allt fr\u00e5n lugn avkoppling i v\u00e5r vedeldade badtunna eller vedeldade bastu nere vid sj\u00f6n med ett svalkande dopp i vattnet efter\u00e5t, prova fiskelyckan i m\u00e5nga av v\u00e5ra omgivande sj\u00f6ar, en promenad&hellip; <a class=\"more-link\" href=\"https:\/\/skavboke.hemsida.eu\/stallet\/?page_id=125&#038;lang=sv\">Forts\u00e4tt l\u00e4sa Aktiviteter<\/a><\/p>\n","protected":false},"author":2,"featured_media":0,"parent":0,"menu_order":0,"comment_status":"closed","ping_status":"closed","template":"","meta":{"footnotes":""},"class_list":["post-125","page","type-page","status-publish","hentry"],"yoast_head":"<!-- This site is optimized with the Yoast SEO plugin v27.2 - https:\/\/yoast.com\/product\/yoast-seo-wordpress\/ -->\n<title>Aktiviteter - Test S\u00e5gknorren<\/title>\n<meta name=\"robots\" content=\"noindex, follow, max-snippet:-1, max-image-preview:large, max-video-preview:-1\" \/>\n<meta property=\"og:locale\" content=\"sv_SE\" \/>\n<meta property=\"og:type\" content=\"article\" \/>\n<meta property=\"og:title\" content=\"Aktiviteter - Test S\u00e5gknorren\" \/>\n<meta property=\"og:description\" content=\"P\u00e5 en mobiltelefon ses sidan b\u00e4st i liggande l\u00e4ge. Hos oss p\u00e5 S\u00e5gknorren kan du ta del av m\u00e5nga aktiviteter f\u00f6r kropp och sj\u00e4l. Allt fr\u00e5n lugn avkoppling i v\u00e5r vedeldade badtunna eller vedeldade bastu nere vid sj\u00f6n med ett svalkande dopp i vattnet efter\u00e5t, prova fiskelyckan i m\u00e5nga av v\u00e5ra omgivande sj\u00f6ar, en promenad&hellip; Forts\u00e4tt l\u00e4sa Aktiviteter\" \/>\n<meta property=\"og:url\" content=\"https:\/\/skavboke.hemsida.eu\/stallet\/?page_id=125&amp;lang=sv\" \/>\n<meta property=\"og:site_name\" content=\"Test S\u00e5gknorren\" \/>\n<meta property=\"article:modified_time\" content=\"2026-02-22T13:33:38+00:00\" \/>\n<meta property=\"og:image\" content=\"http:\/\/www.sagknorren.se\/wp-content\/uploads\/2017\/10\/DSC_0551.jpg\" \/>\n<meta name=\"twitter:card\" content=\"summary_large_image\" \/>\n<meta name=\"twitter:label1\" content=\"Ber\u00e4knad l\u00e4stid\" \/>\n\t<meta name=\"twitter:data1\" content=\"8 minuter\" \/>\n<script type=\"application\/ld+json\" class=\"yoast-schema-graph\">{\"@context\":\"https:\/\/schema.org\",\"@graph\":[{\"@type\":\"WebPage\",\"@id\":\"https:\/\/skavboke.hemsida.eu\/stallet\/?page_id=125&lang=sv\",\"url\":\"https:\/\/skavboke.hemsida.eu\/stallet\/?page_id=125&lang=sv\",\"name\":\"Aktiviteter - Test S\u00e5gknorren\",\"isPartOf\":{\"@id\":\"https:\/\/skavboke.hemsida.eu\/stallet\/#website\"},\"primaryImageOfPage\":{\"@id\":\"https:\/\/skavboke.hemsida.eu\/stallet\/?page_id=125&lang=sv#primaryimage\"},\"image\":{\"@id\":\"https:\/\/skavboke.hemsida.eu\/stallet\/?page_id=125&lang=sv#primaryimage\"},\"thumbnailUrl\":\"http:\/\/www.sagknorren.se\/wp-content\/uploads\/2017\/10\/DSC_0551.jpg\",\"datePublished\":\"2025-02-10T21:32:39+00:00\",\"dateModified\":\"2026-02-22T13:33:38+00:00\",\"breadcrumb\":{\"@id\":\"https:\/\/skavboke.hemsida.eu\/stallet\/?page_id=125&lang=sv#breadcrumb\"},\"inLanguage\":\"sv-SE\",\"potentialAction\":[{\"@type\":\"ReadAction\",\"target\":[\"https:\/\/skavboke.hemsida.eu\/stallet\/?page_id=125&lang=sv\"]}]},{\"@type\":\"ImageObject\",\"inLanguage\":\"sv-SE\",\"@id\":\"https:\/\/skavboke.hemsida.eu\/stallet\/?page_id=125&lang=sv#primaryimage\",\"url\":\"http:\/\/www.sagknorren.se\/wp-content\/uploads\/2017\/10\/DSC_0551.jpg\",\"contentUrl\":\"http:\/\/www.sagknorren.se\/wp-content\/uploads\/2017\/10\/DSC_0551.jpg\"},{\"@type\":\"BreadcrumbList\",\"@id\":\"https:\/\/skavboke.hemsida.eu\/stallet\/?page_id=125&lang=sv#breadcrumb\",\"itemListElement\":[{\"@type\":\"ListItem\",\"position\":1,\"name\":\"Hem\",\"item\":\"https:\/\/skavboke.hemsida.eu\/stallet\/?page_id=41&lang=sv\"},{\"@type\":\"ListItem\",\"position\":2,\"name\":\"Aktiviteter\"}]},{\"@type\":\"WebSite\",\"@id\":\"https:\/\/skavboke.hemsida.eu\/stallet\/#website\",\"url\":\"https:\/\/skavboke.hemsida.eu\/stallet\/\",\"name\":\"Test S\u00e5gknorren\",\"description\":\"Med Sj\u00f6n runt knuten och skogen som granne\",\"potentialAction\":[{\"@type\":\"SearchAction\",\"target\":{\"@type\":\"EntryPoint\",\"urlTemplate\":\"https:\/\/skavboke.hemsida.eu\/stallet\/?s={search_term_string}\"},\"query-input\":{\"@type\":\"PropertyValueSpecification\",\"valueRequired\":true,\"valueName\":\"search_term_string\"}}],\"inLanguage\":\"sv-SE\"}]}<\/script>\n<!-- \/ Yoast SEO plugin. -->","yoast_head_json":{"title":"Aktiviteter - Test S\u00e5gknorren","robots":{"index":"noindex","follow":"follow","max-snippet":"max-snippet:-1","max-image-preview":"max-image-preview:large","max-video-preview":"max-video-preview:-1"},"og_locale":"sv_SE","og_type":"article","og_title":"Aktiviteter - Test S\u00e5gknorren","og_description":"P\u00e5 en mobiltelefon ses sidan b\u00e4st i liggande l\u00e4ge. Hos oss p\u00e5 S\u00e5gknorren kan du ta del av m\u00e5nga aktiviteter f\u00f6r kropp och sj\u00e4l. Allt fr\u00e5n lugn avkoppling i v\u00e5r vedeldade badtunna eller vedeldade bastu nere vid sj\u00f6n med ett svalkande dopp i vattnet efter\u00e5t, prova fiskelyckan i m\u00e5nga av v\u00e5ra omgivande sj\u00f6ar, en promenad&hellip; Forts\u00e4tt l\u00e4sa Aktiviteter","og_url":"https:\/\/skavboke.hemsida.eu\/stallet\/?page_id=125&lang=sv","og_site_name":"Test S\u00e5gknorren","article_modified_time":"2026-02-22T13:33:38+00:00","og_image":[{"url":"http:\/\/www.sagknorren.se\/wp-content\/uploads\/2017\/10\/DSC_0551.jpg","type":"","width":"","height":""}],"twitter_card":"summary_large_image","twitter_misc":{"Ber\u00e4knad l\u00e4stid":"8 minuter"},"schema":{"@context":"https:\/\/schema.org","@graph":[{"@type":"WebPage","@id":"https:\/\/skavboke.hemsida.eu\/stallet\/?page_id=125&lang=sv","url":"https:\/\/skavboke.hemsida.eu\/stallet\/?page_id=125&lang=sv","name":"Aktiviteter - Test S\u00e5gknorren","isPartOf":{"@id":"https:\/\/skavboke.hemsida.eu\/stallet\/#website"},"primaryImageOfPage":{"@id":"https:\/\/skavboke.hemsida.eu\/stallet\/?page_id=125&lang=sv#primaryimage"},"image":{"@id":"https:\/\/skavboke.hemsida.eu\/stallet\/?page_id=125&lang=sv#primaryimage"},"thumbnailUrl":"http:\/\/www.sagknorren.se\/wp-content\/uploads\/2017\/10\/DSC_0551.jpg","datePublished":"2025-02-10T21:32:39+00:00","dateModified":"2026-02-22T13:33:38+00:00","breadcrumb":{"@id":"https:\/\/skavboke.hemsida.eu\/stallet\/?page_id=125&lang=sv#breadcrumb"},"inLanguage":"sv-SE","potentialAction":[{"@type":"ReadAction","target":["https:\/\/skavboke.hemsida.eu\/stallet\/?page_id=125&lang=sv"]}]},{"@type":"ImageObject","inLanguage":"sv-SE","@id":"https:\/\/skavboke.hemsida.eu\/stallet\/?page_id=125&lang=sv#primaryimage","url":"http:\/\/www.sagknorren.se\/wp-content\/uploads\/2017\/10\/DSC_0551.jpg","contentUrl":"http:\/\/www.sagknorren.se\/wp-content\/uploads\/2017\/10\/DSC_0551.jpg"},{"@type":"BreadcrumbList","@id":"https:\/\/skavboke.hemsida.eu\/stallet\/?page_id=125&lang=sv#breadcrumb","itemListElement":[{"@type":"ListItem","position":1,"name":"Hem","item":"https:\/\/skavboke.hemsida.eu\/stallet\/?page_id=41&lang=sv"},{"@type":"ListItem","position":2,"name":"Aktiviteter"}]},{"@type":"WebSite","@id":"https:\/\/skavboke.hemsida.eu\/stallet\/#website","url":"https:\/\/skavboke.hemsida.eu\/stallet\/","name":"Test S\u00e5gknorren","description":"Med Sj\u00f6n runt knuten och skogen som granne","potentialAction":[{"@type":"SearchAction","target":{"@type":"EntryPoint","urlTemplate":"https:\/\/skavboke.hemsida.eu\/stallet\/?s={search_term_string}"},"query-input":{"@type":"PropertyValueSpecification","valueRequired":true,"valueName":"search_term_string"}}],"inLanguage":"sv-SE"}]}},"_links":{"self":[{"href":"https:\/\/skavboke.hemsida.eu\/stallet\/index.php?rest_route=\/wp\/v2\/pages\/125","targetHints":{"allow":["GET"]}}],"collection":[{"href":"https:\/\/skavboke.hemsida.eu\/stallet\/index.php?rest_route=\/wp\/v2\/pages"}],"about":[{"href":"https:\/\/skavboke.hemsida.eu\/stallet\/index.php?rest_route=\/wp\/v2\/types\/page"}],"author":[{"embeddable":true,"href":"https:\/\/skavboke.hemsida.eu\/stallet\/index.php?rest_route=\/wp\/v2\/users\/2"}],"replies":[{"embeddable":true,"href":"https:\/\/skavboke.hemsida.eu\/stallet\/index.php?rest_route=%2Fwp%2Fv2%2Fcomments&post=125"}],"version-history":[{"count":19,"href":"https:\/\/skavboke.hemsida.eu\/stallet\/index.php?rest_route=\/wp\/v2\/pages\/125\/revisions"}],"predecessor-version":[{"id":2584,"href":"https:\/\/skavboke.hemsida.eu\/stallet\/index.php?rest_route=\/wp\/v2\/pages\/125\/revisions\/2584"}],"wp:attachment":[{"href":"https:\/\/skavboke.hemsida.eu\/stallet\/index.php?rest_route=%2Fwp%2Fv2%2Fmedia&parent=125"}],"curies":[{"name":"wp","href":"https:\/\/api.w.org\/{rel}","templated":true}]}}