{"id":951,"date":"2017-11-19T18:22:08","date_gmt":"2017-11-19T18:22:08","guid":{"rendered":"http:\/\/skavboke.hemsida.eu\/stallet\/?page_id=951"},"modified":"2026-02-21T13:09:54","modified_gmt":"2026-02-21T13:09:54","slug":"links","status":"publish","type":"page","link":"http:\/\/skavboke.hemsida.eu\/stallet\/?page_id=951&lang=en","title":{"rendered":"Links"},"content":{"rendered":"<p>On this page we share links to websites with information on places of interest, attractions\u00a0and activities around us.<\/p>\n<p><a href=\"http:\/\/www.hylte.se\/visit-hylte\">Visit Hylte<\/a><br \/>\n<span style=\"font-size: 10pt;\"><em>Here\u00a0the Hylte municipality has collected information about visitor destinations, attractions and relaxation, etc.<\/em><\/span><\/p>\n<p><a href=\"https:\/\/www.woodsofhalland.se\/\">Woods of Halland<\/a><br \/>\n<span style=\"font-size: 10pt;\"><em>Come and explore beautiful nature.<\/em><\/span><\/p>\n<p><a href=\"https:\/\/www.destinationsimlangsdalen.se\">Destination Siml\u00e5ngsdalen<\/a><br \/>\n<span style=\"font-size: 10pt;\"><em>Enjoy the peace in the forest, on the bog, by the lakes, and in Halland&#8217;s wilderness.<\/em><\/span><\/p>\n<p><a href=\"http:\/\/www.mountainbikinginhalmstad.com\">Mountain Biking Halmstad<\/a><br \/>\n<span style=\"font-size: 10pt;\"><em>Bike rental, sales, repairs, group tours, etc.<\/em><\/span><\/p>\n<p><a href=\"https:\/\/www.rydogolf.se\/\">Ryd\u00f6 Golfklubb<\/a><br \/>\n<span style=\"font-size: 10pt;\"><em>A nice 18-hole course in scenic surroundings in Halland near Ryd\u00f6bruk.<\/em><\/span><\/p>\n","protected":false},"excerpt":{"rendered":"<p>On this page we share links to websites with information on places of interest, attractions\u00a0and activities around us. Visit Hylte Here\u00a0the Hylte municipality has collected information about visitor destinations, attractions and relaxation, etc. Woods of Halland Come and explore beautiful nature. Destination Siml\u00e5ngsdalen Enjoy the peace in the forest, on the bog, by the lakes,&hellip; <a class=\"more-link\" href=\"http:\/\/skavboke.hemsida.eu\/stallet\/?page_id=951&#038;lang=en\">Forts\u00e4tt l\u00e4sa Links<\/a><\/p>\n","protected":false},"author":2,"featured_media":0,"parent":0,"menu_order":0,"comment_status":"closed","ping_status":"closed","template":"","meta":{"footnotes":""},"class_list":["post-951","page","type-page","status-publish","hentry"],"yoast_head":"<!-- This site is optimized with the Yoast SEO plugin v27.2 - https:\/\/yoast.com\/product\/yoast-seo-wordpress\/ -->\n<title>Links - Test S\u00e5gknorren<\/title>\n<meta name=\"robots\" content=\"noindex, follow, max-snippet:-1, max-image-preview:large, max-video-preview:-1\" \/>\n<meta property=\"og:locale\" content=\"sv_SE\" \/>\n<meta property=\"og:type\" content=\"article\" \/>\n<meta property=\"og:title\" content=\"Links - Test S\u00e5gknorren\" \/>\n<meta property=\"og:description\" content=\"On this page we share links to websites with information on places of interest, attractions\u00a0and activities around us. Visit Hylte Here\u00a0the Hylte municipality has collected information about visitor destinations, attractions and relaxation, etc. Woods of Halland Come and explore beautiful nature. Destination Siml\u00e5ngsdalen Enjoy the peace in the forest, on the bog, by the lakes,&hellip; Forts\u00e4tt l\u00e4sa Links\" \/>\n<meta property=\"og:url\" content=\"http:\/\/skavboke.hemsida.eu\/stallet\/?page_id=951&amp;lang=en\" \/>\n<meta property=\"og:site_name\" content=\"Test S\u00e5gknorren\" \/>\n<meta property=\"article:modified_time\" content=\"2026-02-21T13:09:54+00:00\" \/>\n<meta name=\"twitter:card\" content=\"summary_large_image\" \/>\n<meta name=\"twitter:label1\" content=\"Ber\u00e4knad l\u00e4stid\" \/>\n\t<meta name=\"twitter:data1\" content=\"1 minut\" \/>\n<script type=\"application\/ld+json\" class=\"yoast-schema-graph\">{\"@context\":\"https:\/\/schema.org\",\"@graph\":[{\"@type\":\"WebPage\",\"@id\":\"http:\/\/skavboke.hemsida.eu\/stallet\/?page_id=951&lang=en\",\"url\":\"http:\/\/skavboke.hemsida.eu\/stallet\/?page_id=951&lang=en\",\"name\":\"Links - Test S\u00e5gknorren\",\"isPartOf\":{\"@id\":\"http:\/\/skavboke.hemsida.eu\/stallet\/#website\"},\"datePublished\":\"2017-11-19T18:22:08+00:00\",\"dateModified\":\"2026-02-21T13:09:54+00:00\",\"breadcrumb\":{\"@id\":\"http:\/\/skavboke.hemsida.eu\/stallet\/?page_id=951&lang=en#breadcrumb\"},\"inLanguage\":\"sv-SE\",\"potentialAction\":[{\"@type\":\"ReadAction\",\"target\":[\"http:\/\/skavboke.hemsida.eu\/stallet\/?page_id=951&lang=en\"]}]},{\"@type\":\"BreadcrumbList\",\"@id\":\"http:\/\/skavboke.hemsida.eu\/stallet\/?page_id=951&lang=en#breadcrumb\",\"itemListElement\":[{\"@type\":\"ListItem\",\"position\":1,\"name\":\"Hem\",\"item\":\"https:\/\/skavboke.hemsida.eu\/stallet\/?page_id=41&lang=sv\"},{\"@type\":\"ListItem\",\"position\":2,\"name\":\"Links\"}]},{\"@type\":\"WebSite\",\"@id\":\"http:\/\/skavboke.hemsida.eu\/stallet\/#website\",\"url\":\"http:\/\/skavboke.hemsida.eu\/stallet\/\",\"name\":\"Test S\u00e5gknorren\",\"description\":\"Med Sj\u00f6n runt knuten och skogen som granne\",\"potentialAction\":[{\"@type\":\"SearchAction\",\"target\":{\"@type\":\"EntryPoint\",\"urlTemplate\":\"http:\/\/skavboke.hemsida.eu\/stallet\/?s={search_term_string}\"},\"query-input\":{\"@type\":\"PropertyValueSpecification\",\"valueRequired\":true,\"valueName\":\"search_term_string\"}}],\"inLanguage\":\"sv-SE\"}]}<\/script>\n<!-- \/ Yoast SEO plugin. -->","yoast_head_json":{"title":"Links - Test S\u00e5gknorren","robots":{"index":"noindex","follow":"follow","max-snippet":"max-snippet:-1","max-image-preview":"max-image-preview:large","max-video-preview":"max-video-preview:-1"},"og_locale":"sv_SE","og_type":"article","og_title":"Links - Test S\u00e5gknorren","og_description":"On this page we share links to websites with information on places of interest, attractions\u00a0and activities around us. Visit Hylte Here\u00a0the Hylte municipality has collected information about visitor destinations, attractions and relaxation, etc. Woods of Halland Come and explore beautiful nature. Destination Siml\u00e5ngsdalen Enjoy the peace in the forest, on the bog, by the lakes,&hellip; Forts\u00e4tt l\u00e4sa Links","og_url":"http:\/\/skavboke.hemsida.eu\/stallet\/?page_id=951&lang=en","og_site_name":"Test S\u00e5gknorren","article_modified_time":"2026-02-21T13:09:54+00:00","twitter_card":"summary_large_image","twitter_misc":{"Ber\u00e4knad l\u00e4stid":"1 minut"},"schema":{"@context":"https:\/\/schema.org","@graph":[{"@type":"WebPage","@id":"http:\/\/skavboke.hemsida.eu\/stallet\/?page_id=951&lang=en","url":"http:\/\/skavboke.hemsida.eu\/stallet\/?page_id=951&lang=en","name":"Links - Test S\u00e5gknorren","isPartOf":{"@id":"http:\/\/skavboke.hemsida.eu\/stallet\/#website"},"datePublished":"2017-11-19T18:22:08+00:00","dateModified":"2026-02-21T13:09:54+00:00","breadcrumb":{"@id":"http:\/\/skavboke.hemsida.eu\/stallet\/?page_id=951&lang=en#breadcrumb"},"inLanguage":"sv-SE","potentialAction":[{"@type":"ReadAction","target":["http:\/\/skavboke.hemsida.eu\/stallet\/?page_id=951&lang=en"]}]},{"@type":"BreadcrumbList","@id":"http:\/\/skavboke.hemsida.eu\/stallet\/?page_id=951&lang=en#breadcrumb","itemListElement":[{"@type":"ListItem","position":1,"name":"Hem","item":"https:\/\/skavboke.hemsida.eu\/stallet\/?page_id=41&lang=sv"},{"@type":"ListItem","position":2,"name":"Links"}]},{"@type":"WebSite","@id":"http:\/\/skavboke.hemsida.eu\/stallet\/#website","url":"http:\/\/skavboke.hemsida.eu\/stallet\/","name":"Test S\u00e5gknorren","description":"Med Sj\u00f6n runt knuten och skogen som granne","potentialAction":[{"@type":"SearchAction","target":{"@type":"EntryPoint","urlTemplate":"http:\/\/skavboke.hemsida.eu\/stallet\/?s={search_term_string}"},"query-input":{"@type":"PropertyValueSpecification","valueRequired":true,"valueName":"search_term_string"}}],"inLanguage":"sv-SE"}]}},"_links":{"self":[{"href":"http:\/\/skavboke.hemsida.eu\/stallet\/index.php?rest_route=\/wp\/v2\/pages\/951","targetHints":{"allow":["GET"]}}],"collection":[{"href":"http:\/\/skavboke.hemsida.eu\/stallet\/index.php?rest_route=\/wp\/v2\/pages"}],"about":[{"href":"http:\/\/skavboke.hemsida.eu\/stallet\/index.php?rest_route=\/wp\/v2\/types\/page"}],"author":[{"embeddable":true,"href":"http:\/\/skavboke.hemsida.eu\/stallet\/index.php?rest_route=\/wp\/v2\/users\/2"}],"replies":[{"embeddable":true,"href":"http:\/\/skavboke.hemsida.eu\/stallet\/index.php?rest_route=%2Fwp%2Fv2%2Fcomments&post=951"}],"version-history":[{"count":3,"href":"http:\/\/skavboke.hemsida.eu\/stallet\/index.php?rest_route=\/wp\/v2\/pages\/951\/revisions"}],"predecessor-version":[{"id":2568,"href":"http:\/\/skavboke.hemsida.eu\/stallet\/index.php?rest_route=\/wp\/v2\/pages\/951\/revisions\/2568"}],"wp:attachment":[{"href":"http:\/\/skavboke.hemsida.eu\/stallet\/index.php?rest_route=%2Fwp%2Fv2%2Fmedia&parent=951"}],"curies":[{"name":"wp","href":"https:\/\/api.w.org\/{rel}","templated":true}]}}